{"id":490,"date":"2017-03-23T03:54:52","date_gmt":"2017-03-23T03:54:52","guid":{"rendered":"https:\/\/mannpacking.wpengine.com\/?page_id=490"},"modified":"2026-02-23T16:32:55","modified_gmt":"2026-02-23T16:32:55","slug":"contact-us","status":"publish","type":"page","link":"https:\/\/veggiesmadeeasy.com\/canada\/contact-us\/","title":{"rendered":"Contact Us \u2022 Contactez Nous"},"content":{"rendered":"<h2>Have You Checked Out Our FAQ&#8217;s?<br \/>\nAvez-Vous Consult\u00e9 Notre Questions Fr\u00e9quentes?<\/h2>\n<p>We&#8217;ve answered some of the common questions our customers ask us. Want to see if your question is already answered?<br \/>\n<em>Nous avons r\u00e9pondu \u00e0 quelques questions en provenance de nos clients. D\u00e9sirez-vous savoir si la v\u00f4tre a d\u00e9j\u00e0 \u00e9t\u00e9 pos\u00e9e?<\/em><\/p>\n<p><strong><a href=\"\/frequently-asked-questions\/\">Let&#8217;s Go\/Allons-y<\/a><\/strong><\/p>\n","protected":false},"excerpt":{"rendered":"<p>Have You Checked Out Our FAQ&#8217;s? Avez-Vous Consult\u00e9 Notre Questions Fr\u00e9quentes? We&#8217;ve answered some of the common questions our customers ask us. Want to see if your question is already answered? Nous avons r\u00e9pondu \u00e0 quelques questions en provenance de nos clients. D\u00e9sirez-vous savoir si la v\u00f4tre a d\u00e9j\u00e0 \u00e9t\u00e9 pos\u00e9e? Let&#8217;s Go\/Allons-y<\/p>\n","protected":false},"author":3,"featured_media":0,"parent":0,"menu_order":0,"comment_status":"closed","ping_status":"closed","template":"","meta":{"_acf_changed":false,"_relevanssi_hide_post":"","_relevanssi_hide_content":"","_relevanssi_pin_for_all":"","_relevanssi_pin_keywords":"","_relevanssi_unpin_keywords":"","_relevanssi_related_keywords":"","_relevanssi_related_include_ids":"","_relevanssi_related_exclude_ids":"","_relevanssi_related_no_append":"","_relevanssi_related_not_related":"","_relevanssi_related_posts":"","_relevanssi_noindex_reason":"","_monsterinsights_skip_tracking":false,"_monsterinsights_sitenote_active":false,"_monsterinsights_sitenote_note":"","_monsterinsights_sitenote_category":0,"footnotes":""},"class_list":["post-490","page","type-page","status-publish","hentry"],"acf":[],"yoast_head":"<!-- This site is optimized with the Yoast SEO plugin v27.4 - https:\/\/yoast.com\/product\/yoast-seo-wordpress\/ -->\n<title>Contact Us \u2022 Contactez Nous - Mann\u2019s Fresh Vegetables \u2013 Canada<\/title>\n<meta name=\"description\" content=\"Contact us with questions! We&#039;ve answered some of the common questions our customers ask us. Want to see if your question is already answered?\" \/>\n<meta name=\"robots\" content=\"index, follow, max-snippet:-1, max-image-preview:large, max-video-preview:-1\" \/>\n<link rel=\"canonical\" href=\"https:\/\/veggiesmadeeasy.com\/canada\/contact-us\/\" \/>\n<meta property=\"og:locale\" content=\"en_US\" \/>\n<meta property=\"og:type\" content=\"article\" \/>\n<meta property=\"og:title\" content=\"Contact Us \u2022 Contactez Nous - Mann\u2019s Fresh Vegetables \u2013 Canada\" \/>\n<meta property=\"og:description\" content=\"Contact us with questions! We&#039;ve answered some of the common questions our customers ask us. Want to see if your question is already answered?\" \/>\n<meta property=\"og:url\" content=\"https:\/\/veggiesmadeeasy.com\/canada\/contact-us\/\" \/>\n<meta property=\"og:site_name\" content=\"Mann\u2019s Fresh Vegetables \u2013 Canada\" \/>\n<meta property=\"article:modified_time\" content=\"2026-02-23T16:32:55+00:00\" \/>\n<meta name=\"twitter:card\" content=\"summary_large_image\" \/>\n<meta name=\"twitter:label1\" content=\"Est. reading time\" \/>\n\t<meta name=\"twitter:data1\" content=\"1 minute\" \/>\n<script type=\"application\/ld+json\" class=\"yoast-schema-graph\">{\"@context\":\"https:\\\/\\\/schema.org\",\"@graph\":[{\"@type\":\"WebPage\",\"@id\":\"https:\\\/\\\/veggiesmadeeasy.com\\\/canada\\\/contact-us\\\/\",\"url\":\"https:\\\/\\\/veggiesmadeeasy.com\\\/canada\\\/contact-us\\\/\",\"name\":\"Contact Us \u2022 Contactez Nous - Mann\u2019s Fresh Vegetables \u2013 Canada\",\"isPartOf\":{\"@id\":\"https:\\\/\\\/veggiesmadeeasy.com\\\/canada\\\/#website\"},\"datePublished\":\"2017-03-23T03:54:52+00:00\",\"dateModified\":\"2026-02-23T16:32:55+00:00\",\"description\":\"Contact us with questions! We've answered some of the common questions our customers ask us. Want to see if your question is already answered?\",\"breadcrumb\":{\"@id\":\"https:\\\/\\\/veggiesmadeeasy.com\\\/canada\\\/contact-us\\\/#breadcrumb\"},\"inLanguage\":\"en-US\",\"potentialAction\":[{\"@type\":\"ReadAction\",\"target\":[\"https:\\\/\\\/veggiesmadeeasy.com\\\/canada\\\/contact-us\\\/\"]}]},{\"@type\":\"BreadcrumbList\",\"@id\":\"https:\\\/\\\/veggiesmadeeasy.com\\\/canada\\\/contact-us\\\/#breadcrumb\",\"itemListElement\":[{\"@type\":\"ListItem\",\"position\":1,\"name\":\"Home\",\"item\":\"https:\\\/\\\/veggiesmadeeasy.com\\\/canada\\\/\"},{\"@type\":\"ListItem\",\"position\":2,\"name\":\"Contact Us \u2022 Contactez Nous\"}]},{\"@type\":\"WebSite\",\"@id\":\"https:\\\/\\\/veggiesmadeeasy.com\\\/canada\\\/#website\",\"url\":\"https:\\\/\\\/veggiesmadeeasy.com\\\/canada\\\/\",\"name\":\"Mann\u2019s Fresh Vegetables \u2013 Canada\",\"description\":\"Veggies Made Easy\",\"potentialAction\":[{\"@type\":\"SearchAction\",\"target\":{\"@type\":\"EntryPoint\",\"urlTemplate\":\"https:\\\/\\\/veggiesmadeeasy.com\\\/canada\\\/?s={search_term_string}\"},\"query-input\":{\"@type\":\"PropertyValueSpecification\",\"valueRequired\":true,\"valueName\":\"search_term_string\"}}],\"inLanguage\":\"en-US\"}]}<\/script>\n<!-- \/ Yoast SEO plugin. -->","yoast_head_json":{"title":"Contact Us \u2022 Contactez Nous - Mann\u2019s Fresh Vegetables \u2013 Canada","description":"Contact us with questions! We've answered some of the common questions our customers ask us. Want to see if your question is already answered?","robots":{"index":"index","follow":"follow","max-snippet":"max-snippet:-1","max-image-preview":"max-image-preview:large","max-video-preview":"max-video-preview:-1"},"canonical":"https:\/\/veggiesmadeeasy.com\/canada\/contact-us\/","og_locale":"en_US","og_type":"article","og_title":"Contact Us \u2022 Contactez Nous - Mann\u2019s Fresh Vegetables \u2013 Canada","og_description":"Contact us with questions! We've answered some of the common questions our customers ask us. Want to see if your question is already answered?","og_url":"https:\/\/veggiesmadeeasy.com\/canada\/contact-us\/","og_site_name":"Mann\u2019s Fresh Vegetables \u2013 Canada","article_modified_time":"2026-02-23T16:32:55+00:00","twitter_card":"summary_large_image","twitter_misc":{"Est. reading time":"1 minute"},"schema":{"@context":"https:\/\/schema.org","@graph":[{"@type":"WebPage","@id":"https:\/\/veggiesmadeeasy.com\/canada\/contact-us\/","url":"https:\/\/veggiesmadeeasy.com\/canada\/contact-us\/","name":"Contact Us \u2022 Contactez Nous - Mann\u2019s Fresh Vegetables \u2013 Canada","isPartOf":{"@id":"https:\/\/veggiesmadeeasy.com\/canada\/#website"},"datePublished":"2017-03-23T03:54:52+00:00","dateModified":"2026-02-23T16:32:55+00:00","description":"Contact us with questions! We've answered some of the common questions our customers ask us. Want to see if your question is already answered?","breadcrumb":{"@id":"https:\/\/veggiesmadeeasy.com\/canada\/contact-us\/#breadcrumb"},"inLanguage":"en-US","potentialAction":[{"@type":"ReadAction","target":["https:\/\/veggiesmadeeasy.com\/canada\/contact-us\/"]}]},{"@type":"BreadcrumbList","@id":"https:\/\/veggiesmadeeasy.com\/canada\/contact-us\/#breadcrumb","itemListElement":[{"@type":"ListItem","position":1,"name":"Home","item":"https:\/\/veggiesmadeeasy.com\/canada\/"},{"@type":"ListItem","position":2,"name":"Contact Us \u2022 Contactez Nous"}]},{"@type":"WebSite","@id":"https:\/\/veggiesmadeeasy.com\/canada\/#website","url":"https:\/\/veggiesmadeeasy.com\/canada\/","name":"Mann\u2019s Fresh Vegetables \u2013 Canada","description":"Veggies Made Easy","potentialAction":[{"@type":"SearchAction","target":{"@type":"EntryPoint","urlTemplate":"https:\/\/veggiesmadeeasy.com\/canada\/?s={search_term_string}"},"query-input":{"@type":"PropertyValueSpecification","valueRequired":true,"valueName":"search_term_string"}}],"inLanguage":"en-US"}]}},"_links":{"self":[{"href":"https:\/\/veggiesmadeeasy.com\/canada\/wp-json\/wp\/v2\/pages\/490","targetHints":{"allow":["GET"]}}],"collection":[{"href":"https:\/\/veggiesmadeeasy.com\/canada\/wp-json\/wp\/v2\/pages"}],"about":[{"href":"https:\/\/veggiesmadeeasy.com\/canada\/wp-json\/wp\/v2\/types\/page"}],"author":[{"embeddable":true,"href":"https:\/\/veggiesmadeeasy.com\/canada\/wp-json\/wp\/v2\/users\/3"}],"replies":[{"embeddable":true,"href":"https:\/\/veggiesmadeeasy.com\/canada\/wp-json\/wp\/v2\/comments?post=490"}],"version-history":[{"count":0,"href":"https:\/\/veggiesmadeeasy.com\/canada\/wp-json\/wp\/v2\/pages\/490\/revisions"}],"wp:attachment":[{"href":"https:\/\/veggiesmadeeasy.com\/canada\/wp-json\/wp\/v2\/media?parent=490"}],"curies":[{"name":"wp","href":"https:\/\/api.w.org\/{rel}","templated":true}]}}